{"id":53,"date":"2016-07-28T10:00:11","date_gmt":"2016-07-28T10:00:11","guid":{"rendered":"https:\/\/praia.site\/guinchobsb\/?page_id=53"},"modified":"2022-07-29T17:58:34","modified_gmt":"2022-07-29T20:58:34","slug":"home","status":"publish","type":"page","link":"https:\/\/praia.site\/guinchobsb\/home\/","title":{"rendered":"Home"},"content":{"rendered":"<section class=\"fw-main-row  cs section_padding_top_0 section_padding_bottom_0 columns_padding_0 fullwidth-section section_flex\">\n<div class=\"container-fluid\">\n<div class=\"row\">\n<div id=\"column-0512a89\" class=\"fw-column fw-column col-xs-12 col-md-4 text-center skew_bg_right\">\n<div class=\"column-overlay\"><\/div>\n<div class=\"fw-column-inner padding_20\">\n<div class=\"fw-divider-space \" style=\"margin-top: 5px\"><\/div>\n<div class=\"media small-teaser shortcode-icon\">\n<div class=\"media-left\">\n<div class=\"icon-wrap\">\n\t\t\t\t\t<i class=\"toyicon-clock black fontsize_18\"><\/i>\n\t\t\t\t<\/div>\n<\/p><\/div>\n<div class=\"media-body\">\n\t\t<span class=\"title\"><br \/>\n\t\t\tO MAIS\t\t<\/span><br \/>\n\t\t<span class=\"text\"><br \/>\n\t\t\t<strong>R\u00c1PIDO<\/strong> DA REGI\u00c3O\t\t<\/span>\n\t\t<\/div>\n<\/p><\/div>\n<p>\t\t<span class=\"theme-icon bg_icon icon_left\"><br \/>\n\t<i class=\"toyicon-clock default_icon\"><\/i><br \/>\n<\/span>\n\t    <\/div>\n<\/div>\n<div id=\"column-f36c95f\" class=\"fw-column fw-column col-xs-12 col-md-4 skew_bg has-bg-color ds\">\n<div class=\"column-overlay\"><\/div>\n<div class=\"fw-column-inner\">\n<div class=\"fw-divider-space \" style=\"margin-top: 25px\"><\/div>\n<div class=\"  text-center\">\n<h2 class=\" section_header \">\n\t<span class=\"highlight thin \"><br \/>\n\t\t<a href=\"tel:061995086551\">(61) <strong>99508-6551<\/strong><\/a>\t<\/span><br \/>\n\t<\/h2>\n<\/div><\/div>\n<\/div>\n<div id=\"column-1e5ea9e\" class=\"fw-column fw-column col-xs-12 col-md-4 text-center skew_bg_left\">\n<div class=\"column-overlay\"><\/div>\n<div class=\"fw-column-inner padding_20\">\n<div class=\"fw-divider-space \" style=\"margin-top: 5px\"><\/div>\n<div class=\"media small-teaser shortcode-icon\">\n<div class=\"media-left\">\n<div class=\"icon-wrap\">\n\t\t\t\t\t<i class=\"toyicon-phone black fontsize_18\"><\/i>\n\t\t\t\t<\/div>\n<\/p><\/div>\n<div class=\"media-body\">\n\t\t<span class=\"title\"><br \/>\n\t\t\t<strong>SERVI\u00c7O DE GUINCHO<\/strong>\t\t<\/span><br \/>\n\t\t<span class=\"text\"><br \/>\n\t\t\t24 HORAS\t\t<\/span>\n\t\t<\/div>\n<\/p><\/div>\n<p>\t\t<span class=\"theme-icon bg_icon icon_left\"><br \/>\n\t<i class=\"toyicon-phone default_icon\"><\/i><br \/>\n<\/span>\n\t    <\/div>\n<\/div><\/div>\n<\/p><\/div>\n<\/section>\n<section class=\"fw-main-row  ls section_padding_top_150 section_padding_bottom_150 columns_padding_0\" id=\"about\">\n<div class=\"container\">\n<div class=\"row\">\n<div id=\"column-71c90f6\" class=\"fw-column fw-column col-xs-12 col-md-6 to_animate text-center col-lg-7\" data-animation=\"fadeInLeft\">\n<div class=\"column-overlay\"><\/div>\n<div class=\"fw-column-inner padding_30\"><img decoding=\"async\" class=\"shortcode-media-image \" src=\"\/\/praia.site\/guinchobsb\/wp-content\/uploads\/sites\/27\/2021\/06\/truck-1.jpg\" alt=\"\/\/praia.site\/guinchobsb\/wp-content\/uploads\/sites\/27\/2021\/06\/truck-1.jpg\" \/>    <\/div>\n<\/div>\n<div id=\"column-0bfdf1f\" class=\"fw-column fw-column col-xs-12 col-md-6 to_animate text-left col-lg-5\" data-animation=\"fadeInRight\">\n<div class=\"column-overlay\"><\/div>\n<div class=\"fw-column-inner\">\n<div class=\"numbered-header text-left\">\n<h3 class=\" section_header \">\n\t<span class=\" thin text-uppercase\"><br \/>\n\t\tO Que <strong>N\u00d3S OFERECEMOS<\/strong>\t<\/span><br \/>\n\t<\/h3>\n<p class=\"  paragraph\">\n\t<span class=\"  text-uppercase\"><br \/>\n\t\tTransporte com agilidade e seguran\u00e7a\t<\/span>\n\t<\/p>\n<\/div>\n<div class=\"fw-divider-zebra\">\n<hr class=\"zebra_bg divider_left\" \/><\/div>\n<div class=\"fw-divider-space \" style=\"margin-top: 10px\"><\/div>\n<div class=\"text-block\">\n<p>Oferecemos servi\u00e7os de guincho r\u00e1pido, seguro e baratos em Bras\u00edlia e Regi\u00e3o. Com experi\u00eancia e solidez no ramo de auto socorro. Estamos prontos para atender a todas as suas necessidades de emerg\u00eancia em ve\u00edculos 24 horas por dia, sete dias por semana.<\/p>\n<\/div>\n<div class=\"icons-list\">\n<ul class=\"list1 no-bullets with-border\">\n<li>\n<div class=\"media small-teaser shortcode-icon\">\n<div class=\"media-left\">\n<div class=\"icon-wrap\">\n\t\t\t\t\t<i class=\"fa fa-check highlight fontsize_18\"><\/i>\n\t\t\t\t<\/div>\n<\/p><\/div>\n<div class=\"media-body\">\n\t\t<span class=\"title\"><br \/>\n\t\t\tMais de\t\t<\/span><br \/>\n\t\t<span class=\"text\"><br \/>\n\t\t\t<strong>10 anos de experi\u00eancia<\/strong>\t\t<\/span>\n\t\t<\/div>\n<\/p><\/div>\n<\/li>\n<li>\n<div class=\"media small-teaser shortcode-icon\">\n<div class=\"media-left\">\n<div class=\"icon-wrap\">\n\t\t\t\t\t<i class=\"fa fa-check highlight fontsize_18\"><\/i>\n\t\t\t\t<\/div>\n<\/p><\/div>\n<div class=\"media-body\">\n\t\t<span class=\"title\"><br \/>\n\t\t\tResposta imediata\t\t<\/span><br \/>\n\t\t<span class=\"text\"><br \/>\n\t\t\t<strong>30 minutos ou menos<\/strong>\t\t<\/span>\n\t\t<\/div>\n<\/p><\/div>\n<\/li>\n<li>\n<div class=\"media small-teaser shortcode-icon\">\n<div class=\"media-left\">\n<div class=\"icon-wrap\">\n\t\t\t\t\t<i class=\"fa fa-check highlight fontsize_18\"><\/i>\n\t\t\t\t<\/div>\n<\/p><\/div>\n<div class=\"media-body\">\n\t\t<span class=\"title\"><br \/>\n\t\t\tHonestidade e\t\t<\/span><br \/>\n\t\t<span class=\"text\"><br \/>\n\t\t\t<strong>pre\u00e7o justo<\/strong>\t\t<\/span>\n\t\t<\/div>\n<\/p><\/div>\n<\/li>\n<li>\n<div class=\"media small-teaser shortcode-icon\">\n<div class=\"media-left\">\n<div class=\"icon-wrap\">\n\t\t\t\t\t<i class=\"fa fa-check highlight fontsize_18\"><\/i>\n\t\t\t\t<\/div>\n<\/p><\/div>\n<div class=\"media-body\">\n\t\t<span class=\"title\"><br \/>\n\t\t\tServi\u00e7o profissional\t\t<\/span><br \/>\n\t\t<span class=\"text\"><br \/>\n\t\t\t<strong>e amig\u00e1vel<\/strong>\t\t<\/span>\n\t\t<\/div>\n<\/p><\/div>\n<\/li>\n<li>\n<div class=\"media small-teaser shortcode-icon\">\n<div class=\"media-left\">\n<div class=\"icon-wrap\">\n\t\t\t\t\t<i class=\"fa fa-check highlight fontsize_18\"><\/i>\n\t\t\t\t<\/div>\n<\/p><\/div>\n<div class=\"media-body\">\n\t\t<span class=\"title\"><br \/>\n\t\t\tDispon\u00edvel\t\t<\/span><br \/>\n\t\t<span class=\"text\"><br \/>\n\t\t\t<strong>24 horas<\/strong> por dia, <strong>7 dias<\/strong> por semana\t\t<\/span>\n\t\t<\/div>\n<\/p><\/div>\n<\/li>\n<\/ul>\n<\/div><\/div>\n<\/div><\/div>\n<\/p><\/div>\n<\/section>\n<section class=\"fw-main-row  ds section_padding_top_130 section_padding_bottom_130 columns_padding_15 parallax section_overlay fullwidth-section background_cover\" style=\"background-image:url(https:\/\/praia.site\/guinchobsb\/wp-content\/uploads\/sites\/27\/2021\/06\/counters-1.jpg);background-position: center center\">\n<div class=\"container-fluid\">\n<div class=\"row\">\n<div id=\"column-d84e0da\" class=\"fw-column fw-column col-xs-12 col-md-3\">\n<div class=\"column-overlay\"><\/div>\n<div class=\"fw-column-inner\">\n<div class=\"teaser text-center \">\n<div class=\"teaser_icon size_big highlight\">\n                    \t\t\t\t\t<i class=\"toyicon-star\"><\/i>\n                    \t\t\t\t<\/div>\n<h3 class=\"counter\" data-from=\"0\" data-to=\"10\" data-speed=\"2200\">\n\t\t\t\t\t0<br \/>\n\t\t\t\t<\/h3>\n<p>\n\t\t\t\t\tAnos de Experi\u00eancia\t\t\t\t<\/p>\n<\/p><\/div>\n<\/p><\/div>\n<\/div>\n<div id=\"column-9eb452e\" class=\"fw-column fw-column col-xs-12 col-md-3\">\n<div class=\"column-overlay\"><\/div>\n<div class=\"fw-column-inner\">\n<div class=\"teaser text-center \">\n<div class=\"teaser_icon size_big highlight\">\n                    \t\t\t\t\t<i class=\"rt-icon2-time\"><\/i>\n                    \t\t\t\t<\/div>\n<h3 class=\"counter-wrap\">\n\t\t\t\t\t<span class=\"counter\" data-from=\"0\" data-to=\"30\" data-speed=\"3000\">0<\/span><span class=\"counter-add\">min.<\/span><br \/>\n\t\t\t\t<\/h3>\n<p>\n\t\t\t\t\tResposta Imediata\t\t\t\t<\/p>\n<\/p><\/div>\n<\/p><\/div>\n<\/div>\n<div id=\"column-864af4c\" class=\"fw-column fw-column col-xs-12 col-md-3\">\n<div class=\"column-overlay\"><\/div>\n<div class=\"fw-column-inner\">\n<div class=\"teaser text-center \">\n<div class=\"teaser_icon size_big highlight\">\n                    \t\t\t\t\t<i class=\"toyicon-truck\"><\/i>\n                    \t\t\t\t<\/div>\n<h3 class=\"counter-wrap\">\n\t\t\t\t\t<span class=\"counter\" data-from=\"0\" data-to=\"1000\" data-speed=\"1600\">0<\/span><span class=\"counter-add\">+<\/span><br \/>\n\t\t\t\t<\/h3>\n<p>\n\t\t\t\t\tVe\u00edculos Guinchados\t\t\t\t<\/p>\n<\/p><\/div>\n<\/p><\/div>\n<\/div>\n<div id=\"column-9c8b0c7\" class=\"fw-column fw-column col-xs-12 col-md-3\">\n<div class=\"column-overlay\"><\/div>\n<div class=\"fw-column-inner\">\n<div class=\"teaser text-center \">\n<div class=\"teaser_icon size_big highlight\">\n                    \t\t\t\t\t<i class=\"toyicon-group\"><\/i>\n                    \t\t\t\t<\/div>\n<h3 class=\"counter-wrap\">\n\t\t\t\t\t<span class=\"counter\" data-from=\"0\" data-to=\"500\" data-speed=\"1200\">0<\/span><span class=\"counter-add\">+<\/span><br \/>\n\t\t\t\t<\/h3>\n<p>\n\t\t\t\t\tUsu\u00e1rios Atendidos\t\t\t\t<\/p>\n<\/p><\/div>\n<\/p><\/div>\n<\/div><\/div>\n<\/p><\/div>\n<\/section>\n<section class=\"fw-main-row  ls section_padding_top_130 section_padding_bottom_100 columns_padding_15\">\n<div class=\"container\">\n<div class=\"row\">\n<div id=\"column-8806e29\" class=\"fw-column fw-column col-xs-12 text-left\">\n<div class=\"column-overlay\"><\/div>\n<div class=\"fw-column-inner\">\n<div class=\"fw-divider-space \" style=\"margin-top: 5px\"><\/div>\n<div class=\"numbered-header text-center\">\n<h3 class=\" section_header \">\n\t<span class=\" thin text-uppercase\"><br \/>\n\t\tNOSSOS <strong>SERVI\u00c7OS<\/strong>\t<\/span><br \/>\n\t<\/h3>\n<p class=\"  paragraph\">\n\t<span class=\"  text-uppercase\"><br \/>\n\t\tAssist\u00eancia Rodovi\u00e1ria de Emerg\u00eancia\t<\/span>\n\t<\/p>\n<\/div>\n<div class=\"fw-divider-zebra\">\n<hr class=\"zebra_bg divider_center\" \/><\/div>\n<div class=\"fw-divider-space \" style=\"margin-top: 40px\"><\/div>\n<div class=\"row columns_padding_25 shortcode-teasers-row\">\n<div class=\"col-md-4\">\n<div class=\"teaser text-center \">\n<div class=\"teaser_image\">\n            \t\t\t<img decoding=\"async\" src=\"\/\/praia.site\/guinchobsb\/wp-content\/uploads\/sites\/27\/2017\/04\/towing.png\" alt=\"Reboque de Ve\u00edculos\">\n            \t\t<\/div>\n<h4>\n\t\t\t\tReboque de Ve\u00edculos\t\t\t\t<\/h4>\n<p>\n\t\t\tReboque de ve\u00edculos automotores de pequeno a m\u00e9dio porte.\t\t<\/p>\n<\/p><\/div>\n<\/p><\/div>\n<p><!-- eof teaser --><\/p>\n<div class=\"col-md-4\">\n<div class=\"teaser text-center \">\n<div class=\"teaser_image\">\n            \t\t\t<img decoding=\"async\" src=\"\/\/praia.site\/guinchobsb\/wp-content\/uploads\/sites\/27\/2017\/04\/hail.png\" alt=\"Pane Seca e El\u00e9trica\">\n            \t\t<\/div>\n<h4>\n\t\t\t\tPane Seca e El\u00e9trica\t\t\t\t<\/h4>\n<p>\n\t\t\tFornecimento de combust\u00edvel e bateria para ve\u00edculos incapacitados.\t\t<\/p>\n<\/p><\/div>\n<\/p><\/div>\n<p><!-- eof teaser --><\/p>\n<div class=\"col-md-4\">\n<div class=\"teaser text-center \">\n<div class=\"teaser_image\">\n            \t\t\t<img decoding=\"async\" src=\"\/\/praia.site\/guinchobsb\/wp-content\/uploads\/sites\/27\/2017\/04\/flood.png\" alt=\"I\u00e7amentos e Desatolagens\">\n            \t\t<\/div>\n<h4>\n\t\t\t\tI\u00e7amentos e Desatolagens\t\t\t\t<\/h4>\n<p>\n\t\t\tI\u00e7amentos de canaleta e meio de pista, desatolamento de terrenos mistos.\t\t<\/p>\n<\/p><\/div>\n<\/p><\/div>\n<p><!-- eof teaser -->\n\t<\/div>\n<p> <!-- eof teasers row --><\/p>\n<div class=\"row columns_padding_25 shortcode-teasers-row\">\n<div class=\"col-md-4\">\n<div class=\"teaser text-center \">\n<div class=\"teaser_image\">\n            \t\t\t<img decoding=\"async\" src=\"\/\/praia.site\/guinchobsb\/wp-content\/uploads\/sites\/27\/2017\/04\/accident.png\" alt=\"Acidentes em Geral\">\n            \t\t<\/div>\n<h4>\n\t\t\t\tAcidentes em Geral\t\t\t\t<\/h4>\n<p>\n\t\t\tReboque de acidentes, capotagens e batidas.\t\t<\/p>\n<\/p><\/div>\n<\/p><\/div>\n<p><!-- eof teaser --><\/p>\n<div class=\"col-md-4\">\n<div class=\"teaser text-center \">\n<div class=\"teaser_image\">\n            \t\t\t<img decoding=\"async\" src=\"\/\/praia.site\/guinchobsb\/wp-content\/uploads\/sites\/27\/2017\/04\/fire.png\" alt=\"Princ\u00edpios de Inc\u00eandio\">\n            \t\t<\/div>\n<h4>\n\t\t\t\tPrinc\u00edpios de Inc\u00eandio\t\t\t\t<\/h4>\n<p>\n\t\t\tPossibilidade e princ\u00edpios de inc\u00eandios ou para evitar problemas maiores no ve\u00edculo.\t\t<\/p>\n<\/p><\/div>\n<\/p><\/div>\n<p><!-- eof teaser --><\/p>\n<div class=\"col-md-4\">\n<div class=\"teaser text-center \">\n<div class=\"teaser_image\">\n            \t\t\t<img decoding=\"async\" src=\"\/\/praia.site\/guinchobsb\/wp-content\/uploads\/sites\/27\/2017\/04\/motocycle.png\" alt=\"Reboque de Motocicletas\">\n            \t\t<\/div>\n<h4>\n\t\t\t\tReboque de Motocicletas\t\t\t\t<\/h4>\n<p>\n\t\t\tReboque de motos, triciclos, quadr\u00edculos assim como pequenas embarca\u00e7\u00f5es.\t\t<\/p>\n<\/p><\/div>\n<\/p><\/div>\n<p><!-- eof teaser -->\n\t<\/div>\n<p> <!-- eof teasers row --><\/p>\n<div class=\"fw-divider-space \" style=\"margin-top: 5px\"><\/div>\n<\/p><\/div>\n<\/div><\/div>\n<\/p><\/div>\n<\/section>\n<section class=\"fw-main-row  ds section_padding_top_0 section_padding_bottom_0 columns_padding_15 parallax fullwidth-section section_flex \u0441argo-hook\" style=\"background-image:url(https:\/\/praia.site\/guinchobsb\/wp-content\/uploads\/sites\/27\/2021\/06\/quote-1.jpg);background-position: center center\">\n<div class=\"container-fluid\">\n<div class=\"row\">\n<div id=\"column-98c75ee\" class=\"fw-column fw-column col-xs-12 col-md-6 text-center mini-text has-bg-color cs\">\n<div class=\"column-overlay\"><\/div>\n<div class=\"fw-column-inner padding_40\">\n<div class=\"fw-divider-space \" style=\"margin-top: 40px\"><\/div>\n<div class=\"  text-center\">\n<h3 class=\" section_header \">\n\t<span class=\" thin text-uppercase\"><br \/>\n\t\tLigue <strong>AGORA<\/strong>\t<\/span><br \/>\n\t<\/h3>\n<p class=\"  paragraph\">\n\t<span class=\"  text-uppercase\"><br \/>\n\t\tRAPIDEZ, SEGURAN\u00c7A E PROFISSIONALISMO\t<\/span>\n\t<\/p>\n<\/div>\n<div class=\"fw-divider-zebra\">\n<hr class=\"zebra_bg divider_center\" \/><\/div>\n<div class=\"fw-divider-space  hidden-sm hidden-xs\" style=\"margin-top: 70px\"><\/div>\n<div class=\"text-block\">\n<p>Estaremos felizes em atende-lo hoje mesmo, conte sempre com um atendimento cordial e honesto, com respeito e compromisso e satisfazer suas expectativas em momentos tensos e complicados. Ligue agora e iremos at\u00e9 voc\u00ea o mais r\u00e1pido poss\u00edvel.<\/p>\n<\/div>\n<div class=\"fw-divider-space  hidden-sm hidden-xs\" style=\"margin-top: 80px\"><\/div>\n<p><a href=\"tel:061995086551\" target=\"_self\" class=\"theme_button color2 \" rel=\"noopener\"><br \/>\n\t<span>Ligue Agora<\/span><br \/>\n<\/a><\/p>\n<div class=\"fw-divider-space \" style=\"margin-top: 40px\"><\/div>\n<\/p><\/div>\n<\/div>\n<div id=\"column-ac2eaa2\" class=\"fw-column fw-column col-xs-12 col-md-6 text-center mini-form has-bg-color ds\">\n<div class=\"column-overlay\"><\/div>\n<div class=\"fw-column-inner padding_40\">\n<div class=\"fw-divider-space \" style=\"margin-top: 40px\"><\/div>\n<div class=\"  text-center\">\n<h3 class=\" section_header \">\n\t<span class=\" thin text-uppercase\"><br \/>\n\t\tFa\u00e7a um <strong class=\"highlight\">Or\u00e7amento<\/strong>\t<\/span><br \/>\n\t<\/h3>\n<p class=\"  paragraph\">\n\t<span class=\"lightfont  \"><br \/>\n\t\tOFERECEMOS O MELHOR\t<\/span>\n\t<\/p>\n<\/div>\n<div class=\"fw-divider-zebra\">\n<hr class=\"zebra_bg divider_center\" \/><\/div>\n<div class=\"fw-divider-space \" style=\"margin-top: 40px\"><\/div>\n<div class=\"form-wrapper  columns_padding_15\">\n<div class=\"wrap-forms\">\n<div class=\"row\"><\/div>\n<div class=\"row\">\n<div class=\"col-xs-12 col-md-6 form-builder-item\">\n<div class=\"form-group has-placeholder\">\n\t\t<label for=\"id-1\">\t\t\t<sup>*<\/sup>\t\t<\/label><\/p><\/div>\n<\/div>\n<div class=\"col-xs-12 col-md-6 form-builder-item\">\n<div class=\"form-group has-placeholder\">\n\t\t<label for=\"id-2\">\t\t\t<sup>*<\/sup>\t\t<\/label><\/p><\/div>\n<\/div>\n<\/div>\n<div class=\"row\">\n<div class=\"col-xs-12 col-md-6 form-builder-item\">\n<div class=\"form-group has-placeholder\">\n\t\t<label for=\"id-3\">\t\t\t<sup>*<\/sup>\t\t<\/label><\/p><\/div>\n<\/div>\n<div class=\"col-xs-12 col-md-6 form-builder-item\">\n<div class=\"form-group has-placeholder\">\n\t\t<label for=\"id-4\">\t\t\t<sup>*<\/sup>\t\t<\/label><\/p><\/div>\n<\/div>\n<\/div>\n<div class=\"row\">\n<div class=\"col-xs-12 col-md-6 form-builder-item\">\n<div class=\"field-select select-styled\">\n\t\t\t<label for=\"id-5\">\t\t\t\t\t\t\t<\/label><\/p>\n<p>\t\t\t\t\t\t\t\t\tTipo de ve\u00edculo<br \/>\n\t\t\t\t\t\t\t\t\tCarro<br \/>\n\t\t\t\t\t\t\t\t\tMoto<br \/>\n\t\t\t\t\t\t\t\t\tOutro<\/p><\/div>\n<\/p><\/div>\n<div class=\"col-xs-12 col-md-6 form-builder-item\">\n<div class=\"form-group has-placeholder\">\n<div class=\"field-date\">\n\t\t<label for=\"id-date-6\">\t\t\t<sup>*<\/sup>\t\t<\/label><\/p><\/div>\n<\/p><\/div>\n<\/div>\n<\/div>\n<div class=\"row\"><\/div>\n<\/div>\n<div class=\"wrap-forms topmargin_10\">\n<div class=\"row\">\n<div class=\"col-sm-12\"><\/div>\n<\/p><\/div>\n<\/div>\n<\/div>\n<div class=\"fw-divider-space \" style=\"margin-top: 40px\"><\/div>\n<\/p><\/div>\n<\/div><\/div>\n<\/p><\/div>\n<\/section>\n<section class=\"fw-main-row  ls section_padding_top_150 section_padding_bottom_130 columns_padding_15\">\n<div class=\"container\">\n<div class=\"row\">\n<div id=\"column-cd35888\" class=\"fw-column fw-column col-xs-12 col-md-6 to_animate col-lg-7\" data-animation=\"fadeInLeft\">\n<div class=\"column-overlay\"><\/div>\n<div class=\"fw-column-inner\">\n<div class=\"fw-divider-space  hidden-sm hidden-xs\" style=\"margin-top: 100px\"><\/div>\n<p><img fetchpriority=\"high\" decoding=\"async\" class=\"shortcode-media-image \" src=\"https:\/\/praia.site\/guinchobsb\/wp-content\/uploads\/sites\/27\/2021\/06\/faq-1-720x512.jpg\" alt=\"https:\/\/praia.site\/guinchobsb\/wp-content\/uploads\/sites\/27\/2021\/06\/faq-1-720x512.jpg\" width=\"720\" height=\"512\" \/>    <\/div>\n<\/div>\n<div id=\"column-4ed691f\" class=\"fw-column fw-column col-xs-12 col-md-6 to_animate col-lg-5\" data-animation=\"fadeInRight\">\n<div class=\"column-overlay\"><\/div>\n<div class=\"fw-column-inner\">\n<div class=\"numbered-header text-left\">\n<h3 class=\" section_header \">\n\t<span class=\" thin text-uppercase\"><br \/>\n\t\tPERGUNTAS <strong>FREQUENTES<\/strong>\t<\/span><br \/>\n\t<\/h3>\n<p class=\"  paragraph\">\n\t<span class=\"  text-uppercase\"><br \/>\n\t\tReboque de ve\u00edculos leves\t<\/span>\n\t<\/p>\n<\/div>\n<div class=\"fw-divider-zebra\">\n<hr class=\"zebra_bg divider_left\" \/><\/div>\n<div class=\"fw-divider-space \" style=\"margin-top: 40px\"><\/div>\n<div class=\"bootstrap-accordion\">\n<div class=\"panel-group\" id=\"accordion-59558944c512f5d0951338d2833d5cae\">\n<div class=\"panel panel-default\">\n<div class=\"panel-heading\">\n<h4 class=\"panel-title\">\n\t\t\t\t\t\t<a class=\"\" href=\"#collapse-59558944c512f5d0951338d2833d5cae-0\" data-toggle=\"collapse\" data-parent=\"#accordion-59558944c512f5d0951338d2833d5cae\"><br \/>\n\t\t\t\t\t\t\t\t\t\t\t\t\t\tComo fa\u00e7o para pegar meu carro de volta?\t\t\t\t\t\t<\/a><br \/>\n\t\t\t\t\t<\/h4>\n<\/p><\/div>\n<div id=\"collapse-59558944c512f5d0951338d2833d5cae-0\" class=\"panel-collapse collapse in\">\n<div class=\"panel-body\">\n\t\t\t\t\t\t\t\t\t\t\t\t\tSe seu carro foi rebocado a pedido de uma ag\u00eancia, voc\u00ea deve primeiro se certificar de que n\u00e3o precisa da permiss\u00e3o da ag\u00eancia para retirar o carro.\t\t\t\t\t\t\t\t\t\t\t<\/div>\n<\/p><\/div>\n<\/p><\/div>\n<div class=\"panel panel-default\">\n<div class=\"panel-heading\">\n<h4 class=\"panel-title\">\n\t\t\t\t\t\t<a class=\"collapsed\" href=\"#collapse-59558944c512f5d0951338d2833d5cae-1\" data-toggle=\"collapse\" data-parent=\"#accordion-59558944c512f5d0951338d2833d5cae\"><br \/>\n\t\t\t\t\t\t\t\t\t\t\t\t\t\tQuanto tempo tenho para pegar minhas coisas?\t\t\t\t\t\t<\/a><br \/>\n\t\t\t\t\t<\/h4>\n<\/p><\/div>\n<div id=\"collapse-59558944c512f5d0951338d2833d5cae-1\" class=\"panel-collapse collapse \">\n<div class=\"panel-body\">\n\t\t\t\t\t\t\t\t\t\t\t\t\tVoc\u00ea tem o tempo que necessita, lembrando que qual demorado o servi\u00e7o posso ficar o valor tender\u00e1 ser mais elevado, portanto, seja \u00e1gil e deixe seus pertences pessoais em m\u00e3os antes da chegada do guincho.\t\t\t\t\t\t\t\t\t\t\t<\/div>\n<\/p><\/div>\n<\/p><\/div>\n<div class=\"panel panel-default\">\n<div class=\"panel-heading\">\n<h4 class=\"panel-title\">\n\t\t\t\t\t\t<a class=\"collapsed\" href=\"#collapse-59558944c512f5d0951338d2833d5cae-2\" data-toggle=\"collapse\" data-parent=\"#accordion-59558944c512f5d0951338d2833d5cae\"><br \/>\n\t\t\t\t\t\t\t\t\t\t\t\t\t\tPor que voc\u00ea rebocou meu carro?\t\t\t\t\t\t<\/a><br \/>\n\t\t\t\t\t<\/h4>\n<\/p><\/div>\n<div id=\"collapse-59558944c512f5d0951338d2833d5cae-2\" class=\"panel-collapse collapse \">\n<div class=\"panel-body\">\n\t\t\t\t\t\t\t\t\t\t\t\t\tA pedido de autoridades competentes e licenciadas de transito e circula\u00e7\u00e3o seu ve\u00edculo poder\u00e1 ser rebocado para o p\u00e1tio das mesmas, tendo o usu\u00e1rio a entrar em contato direto com tais \u00f3rg\u00e3os fiscalizadores.\t\t\t\t\t\t\t\t\t\t\t<\/div>\n<\/p><\/div>\n<\/p><\/div>\n<div class=\"panel panel-default\">\n<div class=\"panel-heading\">\n<h4 class=\"panel-title\">\n\t\t\t\t\t\t<a class=\"collapsed\" href=\"#collapse-59558944c512f5d0951338d2833d5cae-3\" data-toggle=\"collapse\" data-parent=\"#accordion-59558944c512f5d0951338d2833d5cae\"><br \/>\n\t\t\t\t\t\t\t\t\t\t\t\t\t\tO guincho\/reboque \u00e9 cobrado por hora?\t\t\t\t\t\t<\/a><br \/>\n\t\t\t\t\t<\/h4>\n<\/p><\/div>\n<div id=\"collapse-59558944c512f5d0951338d2833d5cae-3\" class=\"panel-collapse collapse \">\n<div class=\"panel-body\">\n\t\t\t\t\t\t\t\t\t\t\t\t\tN\u00e3o, o tempo \u00e9 um dos quesitos usado na hora de calcular valores, mas tem a situa\u00e7\u00e3o que se encontra o ve\u00edculo, dist\u00e2ncia a ser percorrida, hora do dia e outros como fatores essenciais no calculo final do valor de servi\u00e7o.\t\t\t\t\t\t\t\t\t\t\t<\/div>\n<\/p><\/div>\n<\/p><\/div>\n<div class=\"panel panel-default\">\n<div class=\"panel-heading\">\n<h4 class=\"panel-title\">\n\t\t\t\t\t\t<a class=\"collapsed\" href=\"#collapse-59558944c512f5d0951338d2833d5cae-4\" data-toggle=\"collapse\" data-parent=\"#accordion-59558944c512f5d0951338d2833d5cae\"><br \/>\n\t\t\t\t\t\t\t\t\t\t\t\t\t\tH\u00e1 uma garantia de transporte em meu ve\u00edculo?\t\t\t\t\t\t<\/a><br \/>\n\t\t\t\t\t<\/h4>\n<\/p><\/div>\n<div id=\"collapse-59558944c512f5d0951338d2833d5cae-4\" class=\"panel-collapse collapse \">\n<div class=\"panel-body\">\n\t\t\t\t\t\t\t\t\t\t\t\t\tSim, garantimos que seu ve\u00edculo chegar\u00e1 ao destino estipulado por voc\u00ea na hora do reboque da mesma maneira ao qual foi guinchado.\t\t\t\t\t\t\t\t\t\t\t<\/div>\n<\/p><\/div>\n<\/p><\/div>\n<\/p><\/div>\n<\/div><\/div>\n<\/div><\/div>\n<\/p><\/div>\n<\/section>\n<section class=\"fw-main-row  cs section_padding_top_0 section_padding_bottom_0 columns_padding_0 fullwidth-section section_flex\">\n<div class=\"container-fluid\">\n<div class=\"row\">\n<div id=\"column-81a2f64\" class=\"fw-column fw-column col-xs-12 col-md-4 text-center skew_bg_right\">\n<div class=\"column-overlay\"><\/div>\n<div class=\"fw-column-inner padding_10\">\n<div class=\"fw-divider-space \" style=\"margin-top: 20px\"><\/div>\n<div class=\"  text-center\">\n<h4 class=\" section_header \">\n\t<span class=\" thin text-uppercase\"><br \/>\n\t\tENTRE EM <strong>CONTATO AGORA<\/strong>\t<\/span><br \/>\n\t<\/h4>\n<\/div>\n<p>\t<span class=\"theme-icon bg_icon icon_left\"><br \/>\n\t<i class=\"fa fa-envelope default_icon\"><\/i><br \/>\n<\/span>\n\t    <\/div>\n<\/div>\n<div id=\"column-1659af7\" class=\"fw-column fw-column col-xs-12 col-md-4 text-center skew_bg has-bg-color ds\">\n<div class=\"column-overlay\"><\/div>\n<div class=\"fw-column-inner padding_20\">\n<div class=\"fw-divider-space \" style=\"margin-top: 5px\"><\/div>\n<div class=\"teaser media text-right \">\n<div class=\"media-body\">\n<h4 class=\"media-heading\">\n\t\t\t\t\t\t\t\t<a href=\"index.php\/contato\/\"><\/p>\n<p>\t\t\t\t\tCLIQUE <strong>AQUI<\/strong><br \/>\n\t\t\t\t\t\t\t\t\t<\/a><br \/>\n\t\t\t\t\t\t<\/h4>\n<\/p><\/div>\n<p><!-- eof .media-body --><\/p>\n<div class=\"media-right media-middle \">\n<div class=\"teaser_icon size_small main_bg_color round\">\n                <a href=\"index.php\/contato\/\">\t\t\t\t<i class=\"fa fa-envelope\"><\/i><br \/>\n                <\/a>\t\t\t<\/div>\n<\/p><\/div>\n<\/p><\/div>\n<p><!-- eof .teaser --><\/p><\/div>\n<\/div>\n<div id=\"column-16b2d52\" class=\"fw-column fw-column col-xs-12 col-md-4 text-center skew_bg_left\">\n<div class=\"column-overlay\"><\/div>\n<div class=\"fw-column-inner padding_10\">\n<div class=\"fw-divider-space \" style=\"margin-top: 20px\"><\/div>\n<div class=\"  text-center\">\n<h4 class=\" section_header \">\n\t<span class=\" thin text-uppercase\"><br \/>\n\t\t<strong>ENVIE UM EMAIL<\/strong> OU LIQUE PARA N\u00d3S\t<\/span><br \/>\n\t<\/h4>\n<\/div>\n<p>\t<span class=\"theme-icon bg_icon icon_left\"><br \/>\n\t<i class=\"toyicon-newspaper default_icon\"><\/i><br \/>\n<\/span>\n\t    <\/div>\n<\/div><\/div>\n<\/p><\/div>\n<\/section>\n<p><!-- 28ad1abb9604f42cc2ef1e9ee9f5e72c --><\/p>\n","protected":false},"excerpt":{"rendered":"<p>O MAIS R\u00c1PIDO DA REGI\u00c3O (61) 99508-6551 SERVI\u00c7O DE GUINCHO 24 HORAS O Que N\u00d3S OFERECEMOS Transporte com agilidade e<\/p>\n","protected":false},"author":1,"featured_media":0,"parent":0,"menu_order":0,"comment_status":"closed","ping_status":"closed","template":"","meta":{"footnotes":""},"class_list":["post-53","page","type-page","status-publish","hentry"],"_links":{"self":[{"href":"https:\/\/praia.site\/guinchobsb\/wp-json\/wp\/v2\/pages\/53","targetHints":{"allow":["GET"]}}],"collection":[{"href":"https:\/\/praia.site\/guinchobsb\/wp-json\/wp\/v2\/pages"}],"about":[{"href":"https:\/\/praia.site\/guinchobsb\/wp-json\/wp\/v2\/types\/page"}],"author":[{"embeddable":true,"href":"https:\/\/praia.site\/guinchobsb\/wp-json\/wp\/v2\/users\/1"}],"replies":[{"embeddable":true,"href":"https:\/\/praia.site\/guinchobsb\/wp-json\/wp\/v2\/comments?post=53"}],"version-history":[{"count":0,"href":"https:\/\/praia.site\/guinchobsb\/wp-json\/wp\/v2\/pages\/53\/revisions"}],"wp:attachment":[{"href":"https:\/\/praia.site\/guinchobsb\/wp-json\/wp\/v2\/media?parent=53"}],"curies":[{"name":"wp","href":"https:\/\/api.w.org\/{rel}","templated":true}]}}