{"id":48,"date":"2017-03-08T15:48:52","date_gmt":"2017-03-08T18:48:52","guid":{"rendered":"https:\/\/smartdata.tonytemplates.com\/car-repair-service-v4-services\/?page_id=48"},"modified":"2023-05-22T19:47:43","modified_gmt":"2023-05-22T22:47:43","slug":"contato","status":"publish","type":"page","link":"https:\/\/praia.site\/jovisalpneuseborracharia\/contato\/","title":{"rendered":"Contato"},"content":{"rendered":"\t\t<div data-elementor-type=\"wp-page\" data-elementor-id=\"48\" class=\"elementor elementor-48\">\n\t\t\t\t\t\t<section class=\"elementor-section elementor-top-section elementor-element elementor-element-6fc64d4 elementor-section-stretched elementor-section-full_width elementor-section-height-default elementor-section-height-default\" data-id=\"6fc64d4\" data-element_type=\"section\" data-settings=\"{&quot;stretch_section&quot;:&quot;section-stretched&quot;}\">\n\t\t\t\t\t\t<div class=\"elementor-container elementor-column-gap-no\">\n\t\t\t\t\t<div class=\"elementor-column elementor-col-100 elementor-top-column elementor-element elementor-element-7273983\" data-id=\"7273983\" data-element_type=\"column\">\n\t\t\t<div class=\"elementor-widget-wrap elementor-element-populated\">\n\t\t\t\t\t\t<div class=\"elementor-element elementor-element-b591a35 elementor-widget elementor-widget-contact_page\" data-id=\"b591a35\" data-element_type=\"widget\" data-widget_type=\"contact_page.default\">\n\t\t\t\t<div class=\"elementor-widget-container\">\n\t\t\t\t\t<div class=\"section-bg01\">\n\t\t\t<div class=\"block\">\n\t\t\t\t<div class=\"container no-gutters\">\n\t\t\t\t\t<div class=\"row \">\n\t\t\t\t\t\t<div class=\"col-sm-5 col-md-4 col-sm-push-7 col-md-push-8\">\n\t\t\t\t\t\t\t<div class=\"info02-wrapper\">\n\t\t\t\t\t\t\t\t\t\t\t\t\t\t\t<div class=\"info02\">\n\t\t\t\t\t\t\t\t\t<div class=\"info02__icon\"><span class=\" icon-locate\"><\/span><\/div>\n\t\t\t\t\t\t\t\t\t<h6 class=\"info02__title\">\n\t\t\t\t\t\t\t\t\t\tEndere\u00e7o\t\t\t\t\t\t\t\t\t<\/h6>\n\t\t\t\t\t\t\t\t\t<address>\n\t\t\t\t\t\t\t\t\tAvenida Brasil, 17673 - Iraj\u00e1<br>Rio de Janeiro\/RJ\t\t\t\t\t\t\t\t\t<\/address>\n\t\t\t\t\t\t\t\t<\/div>\n\t\t\t\t\t\t\t\t\t\t\t\t\t\t\t\t<div class=\"info02\">\n\t\t\t\t\t\t\t\t\t<div class=\"info02__icon\"><span class=\" icon-phone\"><\/span><\/div>\n\t\t\t\t\t\t\t\t\t<h6 class=\"info02__title\">\n\t\t\t\t\t\t\t\t\t\tFone\/WhatsApp\t\t\t\t\t\t\t\t\t<\/h6>\n\t\t\t\t\t\t\t\t\t<address>\n\t\t\t\t\t\t\t\t\t(21) 99518-9057\t\t\t\t\t\t\t\t\t<\/address>\n\t\t\t\t\t\t\t\t<\/div>\n\t\t\t\t\t\t\t\t\t\t\t\t\t\t\t\t<div class=\"info02\">\n\t\t\t\t\t\t\t\t\t<div class=\"info02__icon\"><span class=\" icon-email\"><\/span><\/div>\n\t\t\t\t\t\t\t\t\t<h6 class=\"info02__title\">\n\t\t\t\t\t\t\t\t\t\tE-mail\t\t\t\t\t\t\t\t\t<\/h6>\n\t\t\t\t\t\t\t\t\t<address>\n\t\t\t\t\t\t\t\t\tjovpneus@hotmail.com\t\t\t\t\t\t\t\t\t<\/address>\n\t\t\t\t\t\t\t\t<\/div>\n\t\t\t\t\t\t\t\t\t\t\t\t\t\t\t\t<div class=\"info02\">\n\t\t\t\t\t\t\t\t\t<div class=\"info02__icon\"><span class=\" icon-clock\"><\/span><\/div>\n\t\t\t\t\t\t\t\t\t<h6 class=\"info02__title\">\n\t\t\t\t\t\t\t\t\t\tAtendimento\t\t\t\t\t\t\t\t\t<\/h6>\n\t\t\t\t\t\t\t\t\t<address>\n\t\t\t\t\t\t\t\t\tSeg-Dom: 8:00 - 18:00<br>Outros hor\u00e1rios: Plant\u00e3o 24 Horas\t\t\t\t\t\t\t\t\t<\/address>\n\t\t\t\t\t\t\t\t<\/div>\n\t\t\t\t\t\t\t\t\t\t\t\t\t\t\t<\/div>\n\t\t\t\t\t\t<\/div>\n\t\t\t\t\t\t<div class=\"divider-lg hidden-lg hidden-md hidden-sm\"><\/div>\n\t\t\t\t\t\t<div class=\"col-sm-7 col-md-8 col-sm-pull-5 col-md-pull-4\">\n\t\t\t\t\t\t\t<div class=\"box-wrapper\">\n\t\t\t\t\t\t\t\t<div class=\"block-title text-left\">\n\t\t\t\t\t\t\t\t\t<h2 class=\"block-title__title\">Fale Conosco!<\/h2>\n\t\t\t\t\t\t\t\t\t<div class=\"block-title__description\">\n\t\t\t\t\t\t\t\t\tQuer agendar atendimento, solicitar um or\u00e7amento ou contar-nos algo, o lugar \u00e9 aqui!\t\t\t\t\t\t\t\t\t<\/div>\n\t\t\t\t\t\t\t\t\t<div class=\"title-separator\"><\/div>\n\t\t\t\t\t\t\t\t<\/div>\n\t\t\t\t\t\t\t\t\n<div class=\"wpcf7 no-js\" id=\"wpcf7-f3-o1\" lang=\"pt-BR\" dir=\"ltr\" data-wpcf7-id=\"3\">\n<div class=\"screen-reader-response\"><p role=\"status\" aria-live=\"polite\" aria-atomic=\"true\"><\/p> <ul><\/ul><\/div>\n<form action=\"\/jovisalpneuseborracharia\/wp-json\/wp\/v2\/pages\/48#wpcf7-f3-o1\" method=\"post\" class=\"wpcf7-form init\" aria-label=\"Formul\u00e1rios de contato\" novalidate=\"novalidate\" data-status=\"init\">\n<fieldset class=\"hidden-fields-container\"><input type=\"hidden\" name=\"_wpcf7\" value=\"3\" \/><input type=\"hidden\" name=\"_wpcf7_version\" value=\"6.1.5\" \/><input type=\"hidden\" name=\"_wpcf7_locale\" value=\"pt_BR\" \/><input type=\"hidden\" name=\"_wpcf7_unit_tag\" value=\"wpcf7-f3-o1\" \/><input type=\"hidden\" name=\"_wpcf7_container_post\" value=\"0\" \/><input type=\"hidden\" name=\"_wpcf7_posted_data_hash\" value=\"\" \/>\n<\/fieldset>\n<div class=\"contact-form form-default\">\n\t<div class=\"row\">\n\t\t<div class=\"col-md-6\">\n\t\t\t<div class=\"input-wrapper\">\n\t\t\t\t<p><span class=\"wpcf7-form-control-wrap\" data-name=\"your-name\"><input size=\"40\" maxlength=\"400\" class=\"wpcf7-form-control wpcf7-text wpcf7-validates-as-required form-control input-full\" aria-required=\"true\" aria-invalid=\"false\" placeholder=\"Seu nome\" value=\"\" type=\"text\" name=\"your-name\" \/><\/span>\n\t\t\t\t<\/p>\n\t\t\t<\/div>\n\t\t<\/div>\n\t\t<div class=\"col-md-6\">\n\t\t\t<div class=\"input-wrapper\">\n\t\t\t\t<p><span class=\"wpcf7-form-control-wrap\" data-name=\"your-email\"><input size=\"40\" maxlength=\"400\" class=\"wpcf7-form-control wpcf7-email wpcf7-validates-as-required wpcf7-text wpcf7-validates-as-email form-control input-full\" aria-required=\"true\" aria-invalid=\"false\" placeholder=\"endereco@seuemail.com\" value=\"\" type=\"email\" name=\"your-email\" \/><\/span>\n\t\t\t\t<\/p>\n\t\t\t<\/div>\n\t\t<\/div>\n\t\t<div class=\"col-md-6\">\n\t\t\t<div class=\"input-wrapper\">\n\t\t\t\t<p><span class=\"wpcf7-form-control-wrap\" data-name=\"your-fone\"><input size=\"40\" maxlength=\"400\" class=\"wpcf7-form-control wpcf7-text wpcf7-validates-as-required form-control input-full\" aria-required=\"true\" aria-invalid=\"false\" placeholder=\"Seu telefone\/whatsapp\" value=\"\" type=\"text\" name=\"your-fone\" \/><\/span>\n\t\t\t\t<\/p>\n\t\t\t<\/div>\n\t\t<\/div>\n\t<\/div>\n\t<div class=\"input-wrapper\">\n\t\t<p><span class=\"wpcf7-form-control-wrap\" data-name=\"your-message\"><textarea cols=\"40\" rows=\"10\" maxlength=\"2000\" class=\"wpcf7-form-control wpcf7-textarea wpcf7-validates-as-required input-full form-control\" aria-required=\"true\" aria-invalid=\"false\" placeholder=\"Sua duvida ou servi\u00e7o solicitado...\" name=\"your-message\"><\/textarea><\/span>\n\t\t<\/p>\n\t<\/div>\n\t<div>\n\t\t<p><button type=\"submit\" id=\"submit-contact\" class=\"btn btn-border btn-invert btn-wide wpcf7-form-control wpcf7-submit\"><span>Entrar em Contato<\/span><\/button>\n\t\t<\/p>\n\t<\/div>\n<\/div><div class=\"wpcf7-response-output\" aria-hidden=\"true\"><\/div>\n<\/form>\n<\/div>\n\t\t\t\t\t\t\t<\/div>\n\t\t\t\t\t\t<\/div>\n\t\t\t\t\t<\/div>\n\t\t\t\t<\/div>\n\t\t\t<\/div>\n\t\t<\/div>\n\t\t\t\t<\/div>\n\t\t\t\t<\/div>\n\t\t\t\t\t<\/div>\n\t\t<\/div>\n\t\t\t\t\t<\/div>\n\t\t<\/section>\n\t\t\t\t<\/div>\n\t\t","protected":false},"excerpt":{"rendered":"<p>Endere\u00e7o Avenida Brasil, 17673 &#8211; Iraj\u00e1Rio de Janeiro\/RJ Fone\/WhatsApp (21) 99518-9057 E-mail jovpneus@hotmail.com Atendimento Seg-Dom: 8:00 &#8211; 18:00Outros hor\u00e1rios: Plant\u00e3o 24 Horas Fale Conosco! Quer agendar atendimento, solicitar um or\u00e7amento ou contar-nos algo, o lugar \u00e9 aqui! Entrar em Contato<\/p>\n","protected":false},"author":1,"featured_media":0,"parent":0,"menu_order":0,"comment_status":"closed","ping_status":"closed","template":"","meta":{"footnotes":""},"class_list":["post-48","page","type-page","status-publish","hentry"],"_links":{"self":[{"href":"https:\/\/praia.site\/jovisalpneuseborracharia\/wp-json\/wp\/v2\/pages\/48","targetHints":{"allow":["GET"]}}],"collection":[{"href":"https:\/\/praia.site\/jovisalpneuseborracharia\/wp-json\/wp\/v2\/pages"}],"about":[{"href":"https:\/\/praia.site\/jovisalpneuseborracharia\/wp-json\/wp\/v2\/types\/page"}],"author":[{"embeddable":true,"href":"https:\/\/praia.site\/jovisalpneuseborracharia\/wp-json\/wp\/v2\/users\/1"}],"replies":[{"embeddable":true,"href":"https:\/\/praia.site\/jovisalpneuseborracharia\/wp-json\/wp\/v2\/comments?post=48"}],"version-history":[{"count":0,"href":"https:\/\/praia.site\/jovisalpneuseborracharia\/wp-json\/wp\/v2\/pages\/48\/revisions"}],"wp:attachment":[{"href":"https:\/\/praia.site\/jovisalpneuseborracharia\/wp-json\/wp\/v2\/media?parent=48"}],"curies":[{"name":"wp","href":"https:\/\/api.w.org\/{rel}","templated":true}]}}